{"id":661,"date":"2024-08-12T23:25:09","date_gmt":"2024-08-12T23:25:09","guid":{"rendered":"https:\/\/syptel.com\/?page_id=661"},"modified":"2024-10-22T18:33:37","modified_gmt":"2024-10-22T18:33:37","slug":"cableado-estructurado","status":"publish","type":"page","link":"https:\/\/syptel.com\/index.php\/cableado-estructurado\/","title":{"rendered":"Cableado Estructurado"},"content":{"rendered":"\n<div class=\"wp-block-columns are-vertically-aligned-center has-section-bg-background-color has-background is-layout-flex wp-container-core-columns-is-layout-28f84493 wp-block-columns-is-layout-flex\">\n<div class=\"wp-block-column is-vertically-aligned-center is-layout-flow wp-block-column-is-layout-flow\" style=\"flex-basis:66.66%\">\n<p>Un sistema de cableado estructurado es una forma planeada de crear la infraestructura tanto para la transmisi\u00f3n de voz como de dato, misma que deber\u00e1 ser bien dise\u00f1ada y planeada para el uso de las \u00e1reas requeridas en cada edificio. A trav\u00e9s de esta red de cableado estructurado deber\u00e1n comunicarse los equipos de computo y telef\u00f3nicos, es decir un cableado estructurado es&nbsp;la columna vertebral de las comunicaciones&nbsp;de cualquier edificio o inmueble, es donde convergen&nbsp;voz, datos, video, voceo, internet<\/p>\n\n\n\n<p>En SYPTEL le proveemos desde la planeaci\u00f3n hasta el equipamiento adecuado para un proyecto de cableado estructurado, as\u00ed tambi\u00e9n como nuestros servicios en desarrollo y mantenimiento con la calidad que nos caracteriza, avalada por la experiencia y conocimiento de institutos y marcas internacionales.<\/p>\n<\/div>\n\n\n\n<div class=\"wp-block-column is-vertically-aligned-center is-layout-flow wp-block-column-is-layout-flow\" style=\"flex-basis:33.33%\"><script>\njQuery( document ).ready(function() {\n\tvar carousel_3 = jQuery('.carousel-main-3').flickity({\n\t\t\t\tautoPlay: true, \/\/ true\/false - numbers in milliseconds \n\t\t\t\tlazyLoad: 2,\n\t\t\/\/adaptiveHeight: true,\n\t});\n\tcarousel_3.flickity('resize');\n});\n<\/script>\n\n<!-- slider start-->\n<div class=\"carousel-3 carousel-main-3\">\n\t\t\t\t<div class=\"carousel-cell-3\">\n\t\t\t\t<img class=\"sf-1-slide-image\" data-flickity-lazyload=\"https:\/\/syptel.com\/wp-content\/uploads\/2024\/10\/cable-estructurado-01.jpg\" alt=\"\" width=\"100%\">\n\t\t\t\t\n\t\t\t\t\t\t\t\t\n\t\t\t<\/div>\n\t\t\t\t\t\t<div class=\"carousel-cell-3\">\n\t\t\t\t<img class=\"sf-1-slide-image\" data-flickity-lazyload=\"https:\/\/syptel.com\/wp-content\/uploads\/2024\/10\/planta-exterior-03.jpg\" alt=\"\" width=\"100%\">\n\t\t\t\t\n\t\t\t\t\t\t\t\t\n\t\t\t<\/div>\n\t\t\t<\/div>\n<!-- slider end-->\n\n<style>\n.carousel-3 {\n\theight: auto;\n\twidth: 100%;\n\theight: 100%;\n\tmargin-bottom: 40px;\n}\n\n.carousel-3 .sf-1-slide-image {\n\tmax-width: 100% !important;\n\twidth: 100%;\n\theight: 100%;\n\t\/*object-fit: cover;*\/\n}\n\n.sf-1-slide-content {\n\tposition: absolute;\n\tfont-size: 18px;\n\tcolor: white;\n\tpointer-events: none !important;\n\twidth: 100%;\n\tbottom: 8px;\n\ttext-align: center;\n}\n\n.sf-1-slide-title {\n\tpadding: 4px 6px;\n}\n\n.sf-1-slide-desc {\n\tpadding: 4px 6px;\n}\n\n.flickity-page-dots {\n\tpadding: 0px !important;\n}\n\n\/* Design Preset 1 *\/\n.carousel-cell-3 {\n\twidth: 100%;\n\theight: auto;\n\tmargin-right: 10px;\n}\n\n\/* adaptive height css *\/\n.flickity-viewport {\n\ttransition: height 0.2s;\n}\n\n\/**** media queries start ****\/\n@media(max-width:650px){\n\t.sf-1-slide-content {\n\t\tposition: absolute;\n\t\tfont-size: 12px;\n\t\tcolor: white;\n\t\tpointer-events: none !important;\n\t\twidth: 100%;\n\t\tbottom: 0px !important;\n\t\ttext-align: center;\n\t}\n\n\t.sf-1-slide-title {\n\t\tpadding: 0px 6px;\n\t}\n\n\t.sf-1-slide-desc {\n\t\tpadding: 0px 6px;\n\t}\n}\n@media(max-width:450px){\n\t.sf-1-slide-content {\n\t\tposition: absolute;\n\t\tfont-size: 7px;\n\t\tcolor: white;\n\t\tpointer-events: none !important;\n\t\twidth: 100%;\n\t\tbottom: 0px !important;\n\t\ttext-align: center;\n\t}\n\n\t.sf-1-slide-title {\n\t\tpadding: 0px 3px;\n\t}\n\n\t.sf-1-slide-desc {\n\t\tpadding: 0px 3px;\n\t}\n}\n\/**** media queries end ****\/\n\n<\/style>\n\n<\/div>\n<\/div>\n","protected":false},"excerpt":{"rendered":"<p>Un sistema de cableado estructurado es una forma planeada de crear la infraestructura tanto para la transmisi\u00f3n de voz como de dato, misma que deber\u00e1 ser bien dise\u00f1ada y planeada para el uso de las \u00e1reas requeridas en cada edificio. A trav\u00e9s de esta red de cableado estructurado deber\u00e1n comunicarse los equipos de computo y [&hellip;]<\/p>\n","protected":false},"author":1,"featured_media":0,"parent":0,"menu_order":0,"comment_status":"closed","ping_status":"closed","template":"","meta":{"iawp_total_views":36,"_joinchat":[],"footnotes":""},"class_list":["post-661","page","type-page","status-publish","hentry"],"_links":{"self":[{"href":"https:\/\/syptel.com\/index.php\/wp-json\/wp\/v2\/pages\/661","targetHints":{"allow":["GET"]}}],"collection":[{"href":"https:\/\/syptel.com\/index.php\/wp-json\/wp\/v2\/pages"}],"about":[{"href":"https:\/\/syptel.com\/index.php\/wp-json\/wp\/v2\/types\/page"}],"author":[{"embeddable":true,"href":"https:\/\/syptel.com\/index.php\/wp-json\/wp\/v2\/users\/1"}],"replies":[{"embeddable":true,"href":"https:\/\/syptel.com\/index.php\/wp-json\/wp\/v2\/comments?post=661"}],"version-history":[{"count":6,"href":"https:\/\/syptel.com\/index.php\/wp-json\/wp\/v2\/pages\/661\/revisions"}],"predecessor-version":[{"id":979,"href":"https:\/\/syptel.com\/index.php\/wp-json\/wp\/v2\/pages\/661\/revisions\/979"}],"wp:attachment":[{"href":"https:\/\/syptel.com\/index.php\/wp-json\/wp\/v2\/media?parent=661"}],"curies":[{"name":"wp","href":"https:\/\/api.w.org\/{rel}","templated":true}]}}