{"id":49,"date":"2024-07-11T01:06:24","date_gmt":"2024-07-11T01:06:24","guid":{"rendered":"https:\/\/syptel.com\/?page_id=49"},"modified":"2024-09-10T01:04:17","modified_gmt":"2024-09-10T01:04:17","slug":"quienes-somos","status":"publish","type":"page","link":"https:\/\/syptel.com\/index.php\/quienes-somos\/","title":{"rendered":"Quienes somos?"},"content":{"rendered":"\n<div class=\"wp-block-group about-sec has-global-padding is-layout-constrained wp-container-core-group-is-layout-839c3b89 wp-block-group-is-layout-constrained\">\n<div class=\"wp-block-cover alignwide is-light banner-image-cover\" style=\"border-radius:30px;padding-top:var(--wp--preset--spacing--80);padding-right:0;padding-bottom:var(--wp--preset--spacing--80);padding-left:0;min-height:1036px;aspect-ratio:unset;\"><span aria-hidden=\"true\" class=\"wp-block-cover__background has-background-dim-0 has-background-dim\" style=\"background-color:#f1f1f2\"><\/span><img decoding=\"async\" class=\"wp-block-cover__image-background wp-image-67\" alt=\"\" src=\"https:\/\/syptel.com\/wp-content\/themes\/medical-hospital-blocks\/images\/about-bg.png\" data-object-fit=\"cover\"\/><div class=\"wp-block-cover__inner-container has-global-padding is-layout-constrained wp-container-core-cover-is-layout-331ce966 wp-block-cover-is-layout-constrained\">\n<div class=\"wp-block-columns is-layout-flex wp-container-core-columns-is-layout-f0342b05 wp-block-columns-is-layout-flex\" style=\"margin-top:0;margin-bottom:0\">\n<div class=\"wp-block-column is-vertically-aligned-center about-main-img is-layout-flow wp-block-column-is-layout-flow\">\n<figure class=\"wp-block-image size-full is-resized has-custom-border wow zoomIn\"><img loading=\"lazy\" decoding=\"async\" width=\"924\" height=\"2000\" src=\"https:\/\/syptel.com\/wp-content\/uploads\/2024\/08\/rack01.jpg\" alt=\"\" class=\"wp-image-834\" style=\"border-radius:30px;width:466px;height:auto\" srcset=\"https:\/\/syptel.com\/wp-content\/uploads\/2024\/08\/rack01.jpg 924w, https:\/\/syptel.com\/wp-content\/uploads\/2024\/08\/rack01-139x300.jpg 139w, https:\/\/syptel.com\/wp-content\/uploads\/2024\/08\/rack01-473x1024.jpg 473w, https:\/\/syptel.com\/wp-content\/uploads\/2024\/08\/rack01-768x1662.jpg 768w, https:\/\/syptel.com\/wp-content\/uploads\/2024\/08\/rack01-710x1536.jpg 710w\" sizes=\"auto, (max-width: 924px) 100vw, 924px\" \/><\/figure>\n<\/div>\n\n\n\n<div class=\"wp-block-column is-vertically-aligned-center about-content is-layout-flow wp-block-column-is-layout-flow\" style=\"flex-basis:45%\">\n<p class=\"has-primary-color has-text-color has-link-color wp-elements-1c459d916844ca29dc7db736b802d55d\" style=\"font-size:35px\">Syptel <\/p>\n\n\n\n<h1 class=\"wp-block-heading has-text-align-left has-black-color has-text-color has-link-color wp-elements-3de89676ce5dcd8c5c3ecb3fcbfd3498\" style=\"margin-top:var(--wp--preset--spacing--30);margin-bottom:0;font-size:30px;font-style:normal;font-weight:700\">Soluciones integrales para su empresa<\/h1>\n\n\n\n<p>SYPTEL es una empresa mexicana con m\u00e1s de 35 a\u00f1os en el mercado. Su trayectoria le ha permitido forjar s\u00f3lidas alianzas con fabricantes y organismos internacionales, as\u00ed como una amplia red de distribuidores en M\u00e9xico, los cu\u00e1les nos han brindado su confianza al cumplir con nuestro compromiso de servicio y calidad.<\/p>\n\n\n\n<p>M\u00e1s all\u00e1 de ser una empresa proveedora de tecnolog\u00eda, somos:<\/p>\n\n\n\n<div class=\"wp-block-group has-global-padding is-layout-constrained wp-block-group-is-layout-constrained\">\n<ul style=\"margin-top:0;margin-right:0vh;margin-bottom:0;margin-left:9.5rem\" class=\"wp-block-list has-small-font-size\">\n<li style=\"margin-top:0;margin-right:0px;margin-bottom:0;margin-left:0px;font-size:17px\"><strong>SUS ASESORES&nbsp;<\/strong>lo ayudaremos a encontrar el mejor camino para satisfacer sus necesidades.<\/li>\n\n\n\n<li style=\"margin-right:0;margin-left:0;font-size:17px\"><strong>SUS ALIADOS<\/strong>&nbsp;trabajaremos a su lado para optimizar sus inversiones.<\/li>\n\n\n\n<li style=\"margin-left:0;font-size:17px\"><strong>SUS SOCIOS<\/strong>&nbsp;colaboraremos con usted en la selecci\u00f3n de equipo y desarrollo de proyectos.<\/li>\n<\/ul>\n<\/div>\n\n\n\n<div class=\"wp-block-columns is-layout-flex wp-container-core-columns-is-layout-dc63b7a3 wp-block-columns-is-layout-flex\" style=\"margin-top:var(--wp--preset--spacing--60)\">\n<div class=\"wp-block-column is-layout-flow wp-block-column-is-layout-flow\">\n<ul style=\"font-size:16px\" class=\"wp-block-list about-li-1 has-secondary-color has-text-color has-link-color wp-elements-302025f9aa60986acaf9d03fdb97b2fb\">\n<li><a href=\"https:\/\/syptel.com\/index.php\/asesoria-y-proyectos\/\" data-type=\"page\" data-id=\"71\">Asesoria y Proyectos<\/a><\/li>\n\n\n\n<li><a href=\"https:\/\/syptel.com\/index.php\/planta-exterior\/\" data-type=\"page\" data-id=\"74\">Planta Exterior<\/a><\/li>\n\n\n\n<li><a href=\"https:\/\/syptel.com\/index.php\/cableado-estructurado\/\" data-type=\"page\" data-id=\"661\">Cableado Estructurado<\/a><\/li>\n\n\n\n<li><a href=\"https:\/\/syptel.com\/index.php\/cctv\/\" data-type=\"page\" data-id=\"144\">CCTV<\/a><\/li>\n\n\n\n<li><a href=\"https:\/\/syptel.com\/index.php\/redes-de-voceo\/\" data-type=\"page\" data-id=\"141\">Redes de Voceo<\/a><\/li>\n\n\n\n<li><a href=\"https:\/\/syptel.com\/index.php\/control-de-acceso\/\" data-type=\"page\" data-id=\"147\">Control Acceso<\/a><\/li>\n\n\n\n<li><a href=\"https:\/\/syptel.com\/index.php\/sistema-de-acceso\/\" data-type=\"page\" data-id=\"150\">Sistemas de Alarma<\/a><\/li>\n<\/ul>\n<\/div>\n\n\n\n<div class=\"wp-block-column is-layout-flow wp-block-column-is-layout-flow\">\n<ul style=\"font-size:16px\" class=\"wp-block-list about-li-2 has-secondary-color has-text-color has-link-color wp-elements-32725ad47865b887a23e88ce38c6c6b0\">\n<li><a href=\"https:\/\/syptel.com\/index.php\/control-center\/\" data-type=\"page\" data-id=\"155\">Control Center<\/a><\/li>\n\n\n\n<li><a href=\"https:\/\/syptel.com\/index.php\/datos\/\" data-type=\"page\" data-id=\"82\">Datos<\/a><\/li>\n\n\n\n<li><a href=\"https:\/\/syptel.com\/index.php\/optimizacion\/\" data-type=\"page\" data-id=\"124\">Optimizaci\u00f3n<\/a><\/li>\n\n\n\n<li><a href=\"https:\/\/syptel.com\/index.php\/seguridad-en-redes\/\" data-type=\"page\" data-id=\"127\">Seguridad en Redes<\/a><\/li>\n\n\n\n<li><a href=\"https:\/\/syptel.com\/index.php\/administracion-y-gestion\/\" data-type=\"page\" data-id=\"132\">Gesti\u00f3n y Administraci\u00f3n<\/a> <\/li>\n\n\n\n<li><a href=\"https:\/\/syptel.com\/index.php\/convergencia-telefonica\/\" data-type=\"page\" data-id=\"158\">Convergencia &nbsp;Telef\u00f3nica<\/a><\/li>\n\n\n\n<li><a href=\"https:\/\/syptel.com\/index.php\/servicio-tecnico\/\" data-type=\"page\" data-id=\"161\">Servicio T\u00e9cnico<\/a> <\/li>\n<\/ul>\n<\/div>\n<\/div>\n\n\n\n<div class=\"wp-block-buttons about-btn is-content-justification-left is-layout-flex wp-container-core-buttons-is-layout-fc4fd283 wp-block-buttons-is-layout-flex\"><\/div>\n<\/div>\n<\/div>\n<\/div><\/div>\n<\/div>\n\n\n\n<p><\/p>\n","protected":false},"excerpt":{"rendered":"","protected":false},"author":1,"featured_media":0,"parent":0,"menu_order":0,"comment_status":"closed","ping_status":"closed","template":"","meta":{"iawp_total_views":110,"_joinchat":[],"footnotes":""},"class_list":["post-49","page","type-page","status-publish","hentry"],"_links":{"self":[{"href":"https:\/\/syptel.com\/index.php\/wp-json\/wp\/v2\/pages\/49","targetHints":{"allow":["GET"]}}],"collection":[{"href":"https:\/\/syptel.com\/index.php\/wp-json\/wp\/v2\/pages"}],"about":[{"href":"https:\/\/syptel.com\/index.php\/wp-json\/wp\/v2\/types\/page"}],"author":[{"embeddable":true,"href":"https:\/\/syptel.com\/index.php\/wp-json\/wp\/v2\/users\/1"}],"replies":[{"embeddable":true,"href":"https:\/\/syptel.com\/index.php\/wp-json\/wp\/v2\/comments?post=49"}],"version-history":[{"count":56,"href":"https:\/\/syptel.com\/index.php\/wp-json\/wp\/v2\/pages\/49\/revisions"}],"predecessor-version":[{"id":844,"href":"https:\/\/syptel.com\/index.php\/wp-json\/wp\/v2\/pages\/49\/revisions\/844"}],"wp:attachment":[{"href":"https:\/\/syptel.com\/index.php\/wp-json\/wp\/v2\/media?parent=49"}],"curies":[{"name":"wp","href":"https:\/\/api.w.org\/{rel}","templated":true}]}}