{"id":132,"date":"2024-07-11T21:05:33","date_gmt":"2024-07-11T21:05:33","guid":{"rendered":"https:\/\/syptel.com\/?page_id=132"},"modified":"2024-10-22T19:18:11","modified_gmt":"2024-10-22T19:18:11","slug":"administracion-y-gestion","status":"publish","type":"page","link":"https:\/\/syptel.com\/index.php\/administracion-y-gestion\/","title":{"rendered":"Gesti\u00f3n y Administraci\u00f3n"},"content":{"rendered":"\n<h2 class=\"wp-block-heading has-text-align-center\">\u00bfQui\u00e9n me puede asesorar en mis proyectos de telecomunicaciones?<\/h2>\n\n\n\n<p>Asesor\u00eda en gesti\u00f3n y administraci\u00f3n de redes<\/p>\n\n\n\n<div class=\"wp-block-columns are-vertically-aligned-center has-section-bg-background-color has-background is-layout-flex wp-container-core-columns-is-layout-28f84493 wp-block-columns-is-layout-flex\">\n<div class=\"wp-block-column is-vertically-aligned-center is-layout-flow wp-block-column-is-layout-flow\" style=\"flex-basis:66.66%\">\n<p>En SYPTEL podr\u00e1 encontrar la asesor\u00eda y apoyo para implentar desde una nueva red, hasta esquemas m\u00e1s complejos para una\u00a0correcta administraci\u00f3n de los recursos y equipos\u00a0de la misma.<\/p>\n<\/div>\n\n\n\n<div class=\"wp-block-column is-vertically-aligned-center is-layout-flow wp-block-column-is-layout-flow\" style=\"flex-basis:33.33%\"><script>\njQuery( document ).ready(function() {\n\tvar carousel_7 = jQuery('.carousel-main-7').flickity({\n\t\t\t\tautoPlay: true, \/\/ true\/false - numbers in milliseconds \n\t\t\t\tlazyLoad: 2,\n\t\t\/\/adaptiveHeight: true,\n\t});\n\tcarousel_7.flickity('resize');\n});\n<\/script>\n\n<!-- slider start-->\n<div class=\"carousel-7 carousel-main-7\">\n\t\t\t\t<div class=\"carousel-cell-7\">\n\t\t\t\t<img class=\"sf-1-slide-image\" data-flickity-lazyload=\"https:\/\/syptel.com\/wp-content\/uploads\/2024\/10\/gestion-y-admin-01.jpg\" alt=\"\" width=\"100%\">\n\t\t\t\t\n\t\t\t\t\t\t\t\t\n\t\t\t<\/div>\n\t\t\t\t\t\t<div class=\"carousel-cell-7\">\n\t\t\t\t<img class=\"sf-1-slide-image\" data-flickity-lazyload=\"https:\/\/syptel.com\/wp-content\/uploads\/2024\/10\/gestion-y-admin-02.jpg\" alt=\"\" width=\"100%\">\n\t\t\t\t\n\t\t\t\t\t\t\t\t\n\t\t\t<\/div>\n\t\t\t<\/div>\n<!-- slider end-->\n\n<style>\n.carousel-7 {\n\theight: auto;\n\twidth: 100%;\n\theight: 100%;\n\tmargin-bottom: 40px;\n}\n\n.carousel-7 .sf-1-slide-image {\n\tmax-width: 100% !important;\n\twidth: 100%;\n\theight: 100%;\n\t\/*object-fit: cover;*\/\n}\n\n.sf-1-slide-content {\n\tposition: absolute;\n\tfont-size: 18px;\n\tcolor: white;\n\tpointer-events: none !important;\n\twidth: 100%;\n\tbottom: 8px;\n\ttext-align: center;\n}\n\n.sf-1-slide-title {\n\tpadding: 4px 6px;\n}\n\n.sf-1-slide-desc {\n\tpadding: 4px 6px;\n}\n\n.flickity-page-dots {\n\tpadding: 0px !important;\n}\n\n\/* Design Preset 1 *\/\n.carousel-cell-7 {\n\twidth: 100%;\n\theight: auto;\n\tmargin-right: 10px;\n}\n\n\/* adaptive height css *\/\n.flickity-viewport {\n\ttransition: height 0.2s;\n}\n\n\/**** media queries start ****\/\n@media(max-width:650px){\n\t.sf-1-slide-content {\n\t\tposition: absolute;\n\t\tfont-size: 12px;\n\t\tcolor: white;\n\t\tpointer-events: none !important;\n\t\twidth: 100%;\n\t\tbottom: 0px !important;\n\t\ttext-align: center;\n\t}\n\n\t.sf-1-slide-title {\n\t\tpadding: 0px 6px;\n\t}\n\n\t.sf-1-slide-desc {\n\t\tpadding: 0px 6px;\n\t}\n}\n@media(max-width:450px){\n\t.sf-1-slide-content {\n\t\tposition: absolute;\n\t\tfont-size: 7px;\n\t\tcolor: white;\n\t\tpointer-events: none !important;\n\t\twidth: 100%;\n\t\tbottom: 0px !important;\n\t\ttext-align: center;\n\t}\n\n\t.sf-1-slide-title {\n\t\tpadding: 0px 3px;\n\t}\n\n\t.sf-1-slide-desc {\n\t\tpadding: 0px 3px;\n\t}\n}\n\/**** media queries end ****\/\n\n<\/style>\n\n<\/div>\n<\/div>\n\n\n\n<h3 class=\"wp-block-heading\">\u00bfPor qu\u00e9 elegir los servicios que SYPTEL me ofrece?<\/h3>\n\n\n\n<p>BENEFICIOS<\/p>\n\n\n\n<ul class=\"wp-block-list\">\n<li>Conectividad segura, veloz y eficiente<\/li>\n\n\n\n<li>Confianza de tener una red certificada con el mayor rendimiento posible<\/li>\n\n\n\n<li>Rapidez<\/li>\n\n\n\n<li>Minimizar riesgos que da\u00f1en su informaci\u00f3n al contar con sistemas de protecci\u00f3n de datos<\/li>\n<\/ul>\n","protected":false},"excerpt":{"rendered":"<p>\u00bfQui\u00e9n me puede asesorar en mis proyectos de telecomunicaciones? Asesor\u00eda en gesti\u00f3n y administraci\u00f3n de redes En SYPTEL podr\u00e1 encontrar la asesor\u00eda y apoyo para implentar desde una nueva red, hasta esquemas m\u00e1s complejos para una\u00a0correcta administraci\u00f3n de los recursos y equipos\u00a0de la misma. \u00bfPor qu\u00e9 elegir los servicios que SYPTEL me ofrece? BENEFICIOS<\/p>\n","protected":false},"author":1,"featured_media":0,"parent":0,"menu_order":0,"comment_status":"closed","ping_status":"closed","template":"","meta":{"iawp_total_views":10,"_joinchat":[],"footnotes":""},"class_list":["post-132","page","type-page","status-publish","hentry"],"_links":{"self":[{"href":"https:\/\/syptel.com\/index.php\/wp-json\/wp\/v2\/pages\/132","targetHints":{"allow":["GET"]}}],"collection":[{"href":"https:\/\/syptel.com\/index.php\/wp-json\/wp\/v2\/pages"}],"about":[{"href":"https:\/\/syptel.com\/index.php\/wp-json\/wp\/v2\/types\/page"}],"author":[{"embeddable":true,"href":"https:\/\/syptel.com\/index.php\/wp-json\/wp\/v2\/users\/1"}],"replies":[{"embeddable":true,"href":"https:\/\/syptel.com\/index.php\/wp-json\/wp\/v2\/comments?post=132"}],"version-history":[{"count":6,"href":"https:\/\/syptel.com\/index.php\/wp-json\/wp\/v2\/pages\/132\/revisions"}],"predecessor-version":[{"id":990,"href":"https:\/\/syptel.com\/index.php\/wp-json\/wp\/v2\/pages\/132\/revisions\/990"}],"wp:attachment":[{"href":"https:\/\/syptel.com\/index.php\/wp-json\/wp\/v2\/media?parent=132"}],"curies":[{"name":"wp","href":"https:\/\/api.w.org\/{rel}","templated":true}]}}